{"id":1604,"date":"2019-12-13T08:10:49","date_gmt":"2019-12-13T08:10:49","guid":{"rendered":"https:\/\/inteo.umh.es\/oxford-cognitive-screen-ocs\/"},"modified":"2025-06-01T18:42:57","modified_gmt":"2025-06-01T18:42:57","slug":"oxford-cognitive-screen-ocs","status":"publish","type":"page","link":"https:\/\/inteo.umh.es\/en\/oxford-cognitive-screen-ocs\/","title":{"rendered":"Oxford Cognitive Screen (OCS)"},"content":{"rendered":"<p>[et_pb_section fb_built=&#8221;1&#8243; fullwidth=&#8221;on&#8221; custom_padding_last_edited=&#8221;on|phone&#8221; admin_label=&#8221;section&#8221; _builder_version=&#8221;4.17.4&#8243; background_color=&#8221;RGBA(255,255,255,0)&#8221; custom_margin_tablet=&#8221;&#8221; custom_margin_phone=&#8221;&#8221; custom_margin_last_edited=&#8221;on|desktop&#8221; custom_padding_tablet=&#8221;|0||0|false|false&#8221; custom_padding_phone=&#8221;|0||0|false|false&#8221; transparent_background=&#8221;off&#8221; make_fullwidth=&#8221;off&#8221; use_custom_width=&#8221;off&#8221; width_unit=&#8221;on&#8221; global_colors_info=&#8221;{}&#8221;][et_pb_fullwidth_menu menu_id=&#8221;298916&#8243; submenu_direction=&#8221;downwards&#8221; fullwidth_menu=&#8221;off&#8221; active_link_color=&#8221;#93b247&#8243; dropdown_menu_bg_color=&#8221;#118425&#8243; dropdown_menu_line_color=&#8221;#FFFFFF&#8221; dropdown_menu_text_color=&#8221;#FFFFFF&#8221; dropdown_menu_active_link_color=&#8221;#93b247&#8243; mobile_menu_bg_color=&#8221;#118425&#8243; mobile_menu_text_color=&#8221;#FFFFFF&#8221; logo_url=&#8221;@ET-DC@eyJkeW5hbWljIjp0cnVlLCJjb250ZW50IjoiaG9tZV91cmwiLCJzZXR0aW5ncyI6e319@&#8221; logo_max_height=&#8221;42px&#8221; cart_icon_color=&#8221;#FFFFFF&#8221; search_icon_color=&#8221;#FFFFFF&#8221; menu_icon_color=&#8221;#FFFFFF&#8221; menu_icon_font_size=&#8221;50px&#8221; active_link_color_tablet=&#8221;#93b247&#8243; active_link_color_phone=&#8221;#93b247&#8243; active_link_color_last_edited=&#8221;on|desktop&#8221; dropdown_menu_line_color_tablet=&#8221;#FFFFFF&#8221; dropdown_menu_line_color_phone=&#8221;#FFFFFF&#8221; dropdown_menu_line_color_last_edited=&#8221;on|tablet&#8221; mobile_menu_bg_color_tablet=&#8221;#118425&#8243; mobile_menu_bg_color_phone=&#8221;#118425&#8243; mobile_menu_bg_color_last_edited=&#8221;on|tablet&#8221; mobile_menu_text_color_tablet=&#8221;#FFFFFF&#8221; mobile_menu_text_color_phone=&#8221;#FFFFFF&#8221; mobile_menu_text_color_last_edited=&#8221;on|desktop&#8221; logo_tablet=&#8221;&#8221; logo_phone=&#8221;&#8221; logo_last_edited=&#8221;on|desktop&#8221; logo_width_tablet=&#8221;&#8221; logo_width_phone=&#8221;&#8221; logo_width_last_edited=&#8221;on|tablet&#8221; logo_max_height_tablet=&#8221;40px&#8221; logo_max_height_phone=&#8221;40px&#8221; logo_max_height_last_edited=&#8221;on|desktop&#8221; menu_icon_font_size_tablet=&#8221;&#8221; menu_icon_font_size_phone=&#8221;50px&#8221; menu_icon_font_size_last_edited=&#8221;on|phone&#8221; admin_label=&#8221;Men\u00fa de anchura completa&#8221; _builder_version=&#8221;4.17.4&#8243; _dynamic_attributes=&#8221;logo_url&#8221; menu_font=&#8221;|600|||||||&#8221; menu_text_color=&#8221;#FFFFFF&#8221; menu_font_size=&#8221;17px&#8221; background_color=&#8221;#118425&#8243; text_orientation=&#8221;center&#8221; background_layout=&#8221;dark&#8221; min_height_last_edited=&#8221;off|desktop&#8221; custom_margin_tablet=&#8221;||||false|false&#8221; custom_margin_phone=&#8221;||||false|false&#8221; custom_margin_last_edited=&#8221;on|desktop&#8221; custom_padding=&#8221;||||false|false&#8221; custom_padding_tablet=&#8221;|50px|||false|false&#8221; custom_padding_phone=&#8221;|50px|||false|false&#8221; custom_padding_last_edited=&#8221;on|phone&#8221; menu_text_color_tablet=&#8221;#FFFFFF&#8221; menu_text_color_phone=&#8221;#FFFFFF&#8221; menu_text_color_last_edited=&#8221;on|desktop&#8221; background_last_edited=&#8221;on|desktop&#8221; text_orientation_tablet=&#8221;&#8221; text_orientation_phone=&#8221;&#8221; text_orientation_last_edited=&#8221;on|tablet&#8221; module_alignment_tablet=&#8221;left&#8221; module_alignment_phone=&#8221;left&#8221; module_alignment_last_edited=&#8221;on|tablet&#8221; menu_text_shadow_style=&#8221;preset5&#8243; border_width_all=&#8221;0px&#8221; saved_tabs=&#8221;all&#8221; global_colors_info=&#8221;{}&#8221;][\/et_pb_fullwidth_menu][et_pb_fullwidth_slider show_arrows=&#8221;off&#8221; show_pagination=&#8221;off&#8221; admin_label=&#8221;Control deslizante de anchura completa&#8221; _builder_version=&#8221;4.17.4&#8243; background_image=&#8221;https:\/\/inteo.umh.es\/files\/2023\/12\/PFE1702-scaled.jpg&#8221; custom_padding=&#8221;50px||50px|&#8221; custom_padding_tablet=&#8221;|||&#8221; custom_padding_phone=&#8221;|||&#8221; auto=&#8221;on&#8221; auto_speed=&#8221;3000&#8243; auto_ignore_hover=&#8221;on&#8221; hover_enabled=&#8221;0&#8243; custom_css_slide_description=&#8221;animation-name: none;&#8221; top_padding=&#8221;50px&#8221; bottom_padding=&#8221;50px&#8221; remove_inner_shadow=&#8221;on&#8221; hide_content_on_mobile=&#8221;off&#8221; hide_cta_on_mobile=&#8221;off&#8221; show_inner_shadow=&#8221;off&#8221; button_letter_spacing_hover=&#8221;0&#8243; saved_tabs=&#8221;all&#8221; global_colors_info=&#8221;{}&#8221; button_text_size__hover_enabled=&#8221;off&#8221; button_one_text_size__hover_enabled=&#8221;off&#8221; button_two_text_size__hover_enabled=&#8221;off&#8221; button_text_color__hover_enabled=&#8221;off&#8221; button_one_text_color__hover_enabled=&#8221;off&#8221; button_two_text_color__hover_enabled=&#8221;off&#8221; button_border_width__hover_enabled=&#8221;off&#8221; button_one_border_width__hover_enabled=&#8221;off&#8221; button_two_border_width__hover_enabled=&#8221;off&#8221; button_border_color__hover_enabled=&#8221;off&#8221; button_one_border_color__hover_enabled=&#8221;off&#8221; button_two_border_color__hover_enabled=&#8221;off&#8221; button_border_radius__hover_enabled=&#8221;off&#8221; button_one_border_radius__hover_enabled=&#8221;off&#8221; button_two_border_radius__hover_enabled=&#8221;off&#8221; button_letter_spacing__hover_enabled=&#8221;on&#8221; button_letter_spacing__hover=&#8221;0&#8243; button_one_letter_spacing__hover_enabled=&#8221;off&#8221; button_two_letter_spacing__hover_enabled=&#8221;off&#8221; button_bg_color__hover_enabled=&#8221;off&#8221; button_one_bg_color__hover_enabled=&#8221;off&#8221; button_two_bg_color__hover_enabled=&#8221;off&#8221; sticky_enabled=&#8221;0&#8243;][et_pb_slide heading=&#8221;TOOL&#8221; use_bg_overlay=&#8221;off&#8221; use_text_overlay=&#8221;off&#8221; _builder_version=&#8221;4.17.4&#8243; header_level=&#8221;h1&#8243; header_font=&#8221;|700|||||||&#8221; header_font_size=&#8221;30px&#8221; body_font=&#8221;||||&#8221; body_font_size=&#8221;14&#8243; background_color=&#8221;RGBA(255,255,255,0)&#8221; background_enable_color=&#8221;on&#8221; background_image=&#8221;https:\/\/inteo.umh.es\/files\/2023\/12\/PFE1702-scaled.jpg&#8221; background_enable_image=&#8221;on&#8221; button_icon_placement=&#8221;right&#8221; button_on_hover=&#8221;on&#8221; hover_enabled=&#8221;0&#8243; body_font_size_tablet=&#8221;14&#8243; body_font_size_phone=&#8221;14&#8243; custom_css_main_element=&#8221;height:300px;&#8221; header_text_shadow_style=&#8221;preset5&#8243; text_shadow_style=&#8221;preset5&#8243; inline_fonts=&#8221;Alata&#8221; global_colors_info=&#8221;{}&#8221; button_text_size__hover_enabled=&#8221;off&#8221; button_one_text_size__hover_enabled=&#8221;off&#8221; button_two_text_size__hover_enabled=&#8221;off&#8221; button_text_color__hover_enabled=&#8221;off&#8221; button_one_text_color__hover_enabled=&#8221;off&#8221; button_two_text_color__hover_enabled=&#8221;off&#8221; button_border_width__hover_enabled=&#8221;off&#8221; button_one_border_width__hover_enabled=&#8221;off&#8221; button_two_border_width__hover_enabled=&#8221;off&#8221; button_border_color__hover_enabled=&#8221;off&#8221; button_one_border_color__hover_enabled=&#8221;off&#8221; button_two_border_color__hover_enabled=&#8221;off&#8221; button_border_radius__hover_enabled=&#8221;off&#8221; button_one_border_radius__hover_enabled=&#8221;off&#8221; button_two_border_radius__hover_enabled=&#8221;off&#8221; button_letter_spacing__hover_enabled=&#8221;off&#8221; button_one_letter_spacing__hover_enabled=&#8221;off&#8221; button_two_letter_spacing__hover_enabled=&#8221;off&#8221; button_bg_color__hover_enabled=&#8221;off&#8221; button_one_bg_color__hover_enabled=&#8221;off&#8221; button_two_bg_color__hover_enabled=&#8221;off&#8221; sticky_transition=&#8221;on&#8221; sticky_enabled=&#8221;0&#8243;]<\/p>\n<h4><span style=\"font-family: Alata;font-weight: normal\">Oxford Cognitive Screen (OCS)<\/span><\/h4>\n<p>[\/et_pb_slide][\/et_pb_fullwidth_slider][\/et_pb_section][et_pb_section fb_built=&#8221;1&#8243; admin_label=&#8221;section&#8221; _builder_version=&#8221;4.16&#8243; global_colors_info=&#8221;{}&#8221;][et_pb_row admin_label=&#8221;row&#8221; _builder_version=&#8221;4.16&#8243; background_size=&#8221;initial&#8221; background_position=&#8221;top_left&#8221; background_repeat=&#8221;repeat&#8221; global_colors_info=&#8221;{}&#8221;][et_pb_column type=&#8221;4_4&#8243; _builder_version=&#8221;4.16&#8243; custom_padding=&#8221;|||&#8221; global_colors_info=&#8221;{}&#8221; custom_padding__hover=&#8221;|||&#8221;][et_pb_text _builder_version=&#8221;4.17.4&#8243; _module_preset=&#8221;default&#8221; text_font=&#8221;|300|||||||&#8221; custom_padding=&#8221;10px|30px|10px|30px|false|false&#8221; global_colors_info=&#8221;{}&#8221;]<\/p>\n<h2><span style=\"color: #333333\"><strong>OXFORD COGNITIVE SCREEN <\/strong><em>(OCS)<\/em><\/span><\/h2>\n<p>[\/et_pb_text][et_pb_text admin_label=&#8221;Texto&#8221; _builder_version=&#8221;4.17.4&#8243; background_size=&#8221;initial&#8221; background_position=&#8221;top_left&#8221; background_repeat=&#8221;repeat&#8221; custom_padding=&#8221;|30px||30px|false|false&#8221; use_border_color=&#8221;off&#8221; border_color=&#8221;#ffffff&#8221; border_style=&#8221;solid&#8221; global_colors_info=&#8221;{}&#8221;]<\/p>\n<p style=\"text-align: left\"><strong>Oxford Cognitive Screen (OCS)<\/strong> is a test designed specifically to rapidly evaluate cognitive alterations in patients with stroke. It\u2019s principal advantage is that it permits the evaluation of patients with aphasia and negligence. <\/p>\n<p style=\"text-align: left\">Also, with the objective of controlling the motor deficit in superior limbs, a frequent symptom of stroke, all of the area of the test can be carried out with one hand.<\/p>\n<p style=\"text-align: left\">This test assesses five general cognitive domains, including language, attention and executive function, numeracy, praxis, and memory.<\/p>\n<p style=\"text-align: left\">Consists of 10 tasks or subtests: picture naming, semantics, orientation, visual field, sentence reading, number writing and calculation, hearts test, gestural imitation, verbal recall and verbal recognition, and executive tasks.<\/p>\n<p style=\"text-align: left\">Moreover, in order to control the overall influence of the upper limb motor deficits fairly frequent after stroke, all the items can be performed using only one hand. This battery can be easily administered at bedside within 15 minutes, provide a general outline as \u201cvisual snapshot\u201d of the patient\u2019s cognitive profile, which allows health professionals to readily make a domain-level interpretation. <\/p>\n<p>[\/et_pb_text][\/et_pb_column][\/et_pb_row][\/et_pb_section][et_pb_section fb_built=&#8221;1&#8243; _builder_version=&#8221;4.17.4&#8243; _module_preset=&#8221;default&#8221; background_color=&#8221;#f4f4f4&#8243; custom_padding=&#8221;||||false|false&#8221; global_colors_info=&#8221;{}&#8221;][et_pb_row _builder_version=&#8221;4.17.4&#8243; _module_preset=&#8221;default&#8221; custom_margin=&#8221;|auto||auto|false|false&#8221; global_colors_info=&#8221;{}&#8221;][et_pb_column type=&#8221;4_4&#8243; _builder_version=&#8221;4.17.4&#8243; _module_preset=&#8221;default&#8221; global_colors_info=&#8221;{}&#8221;][et_pb_text _builder_version=&#8221;4.17.4&#8243; _module_preset=&#8221;default&#8221; text_font=&#8221;|300|||||||&#8221; custom_padding=&#8221;10px|30px|10px|30px|false|false&#8221; global_colors_info=&#8221;{}&#8221;]<\/p>\n<h2><span style=\"color: #333333\"><strong>LINKS <\/strong><em>to the Tool&#8217;s publications<\/em><\/span><\/h2>\n<p>[\/et_pb_text][et_pb_blurb title=&#8221;Link to the validation&#8221; url=&#8221;https:\/\/pubmed.ncbi.nlm.nih.gov\/30563369\/&#8221; url_new_window=&#8221;on&#8221; use_icon=&#8221;on&#8221; font_icon=&#8221;&#x5a;||divi||400&#8243; icon_color=&#8221;#2a7c0e&#8221; image_icon_width=&#8221;53px&#8221; icon_alignment=&#8221;left&#8221; content_max_width=&#8221;1100px&#8221; icon_placement_tablet=&#8221;&#8221; icon_placement_phone=&#8221;&#8221; icon_placement_last_edited=&#8221;on|desktop&#8221; image_icon_width_tablet=&#8221;53px&#8221; image_icon_width_phone=&#8221;53px&#8221; image_icon_width_last_edited=&#8221;on|desktop&#8221; icon_alignment_tablet=&#8221;&#8221; icon_alignment_phone=&#8221;&#8221; icon_alignment_last_edited=&#8221;on|desktop&#8221; _builder_version=&#8221;4.17.4&#8243; _module_preset=&#8221;default&#8221; header_font=&#8221;|600|||||||&#8221; header_font_size=&#8221;18px&#8221; body_font=&#8221;||||||||&#8221; image_icon_custom_padding=&#8221;||||false|false&#8221; custom_margin=&#8221;|30px||30px|false|false&#8221; custom_margin_tablet=&#8221;|30px||30px|false|false&#8221; custom_margin_phone=&#8221;|10px||10px|false|false&#8221; custom_margin_last_edited=&#8221;on|phone&#8221; custom_padding=&#8221;15px|15px|15px|15px|false|false&#8221; animation=&#8221;off&#8221; link_option_url=&#8221;https:\/\/pubmed.ncbi.nlm.nih.gov\/30563369\/&#8221; link_option_url_new_window=&#8221;on&#8221; border_radii=&#8221;on|10px|10px|10px|10px&#8221; border_width_all=&#8221;1px&#8221; border_color_all=&#8221;#2d7c12&#8243; global_colors_info=&#8221;{}&#8221;]<\/p>\n<p>Valera-Gran D, L\u00f3pez-Roig S, Hurtado-Pomares M, Peral-G\u00f3mez P, Garc\u00eda-Manzanares M, Sunyer Catlla M, M\u00e1s Ses\u00e9 G, Navarrete-Mu\u00f1oz EM, S\u00e1nchez-P\u00e9rez A. <a href=\"https:\/\/pubmed.ncbi.nlm.nih.gov\/30563369\/\" target=\"_blank\" rel=\"noopener\">Validation of the Spanish version of the Oxford Cognitive Screen (S-OCS):psychometric properties of a short cognitive stroke-specific screening tool.<\/a> Clin Rehabil. 2019;33(4):724-736 <\/p>\n<p>[\/et_pb_blurb][et_pb_blurb title=&#8221;Link to the adaptation to the Spanish population&#8221; url=&#8221;https:\/\/www.elsevier.es\/en-revista-neurologia-english-edition&#8211;495-articulo-cultural-linguistic-adaptation-oxford-cognitive-S2173580821001668&#8243; url_new_window=&#8221;on&#8221; use_icon=&#8221;on&#8221; font_icon=&#8221;&#xf5c3;||fa||900&#8243; icon_color=&#8221;#2a7c0e&#8221; image_icon_width=&#8221;53px&#8221; icon_alignment=&#8221;left&#8221; content_max_width=&#8221;1100px&#8221; icon_placement_tablet=&#8221;&#8221; icon_placement_phone=&#8221;&#8221; icon_placement_last_edited=&#8221;on|desktop&#8221; image_icon_width_tablet=&#8221;53px&#8221; image_icon_width_phone=&#8221;53px&#8221; image_icon_width_last_edited=&#8221;on|desktop&#8221; icon_alignment_tablet=&#8221;&#8221; icon_alignment_phone=&#8221;&#8221; icon_alignment_last_edited=&#8221;on|desktop&#8221; _builder_version=&#8221;4.17.4&#8243; _module_preset=&#8221;default&#8221; header_font=&#8221;|600|||||||&#8221; header_font_size=&#8221;18px&#8221; body_font=&#8221;||||||||&#8221; image_icon_custom_padding=&#8221;||||false|false&#8221; custom_margin=&#8221;|30px||30px|false|false&#8221; custom_margin_tablet=&#8221;|30px||30px|false|false&#8221; custom_margin_phone=&#8221;|10px||10px|false|false&#8221; custom_margin_last_edited=&#8221;on|phone&#8221; custom_padding=&#8221;15px|15px|15px|15px|false|false&#8221; animation=&#8221;off&#8221; link_option_url=&#8221;https:\/\/www.elsevier.es\/en-revista-neurologia-english-edition&#8211;495-articulo-cultural-linguistic-adaptation-oxford-cognitive-S2173580821001668&#8243; link_option_url_new_window=&#8221;on&#8221; border_radii=&#8221;on|10px|10px|10px|10px&#8221; border_width_all=&#8221;1px&#8221; border_color_all=&#8221;#2d7c12&#8243; global_colors_info=&#8221;{}&#8221;]<\/p>\n<p><span class=\"docsum-authors full-authors\">Garc\u00eda-Manzanares MD, S\u00e1nchez-P\u00e9rez A, Alfaro-S\u00e1ez A, Limi\u00f1ana-Gras RM, Sunyer-Catll\u00e0 M, L\u00f3pez-Roig S. <\/span><a href=\"https:\/\/www.elsevier.es\/en-revista-neurologia-english-edition--495-articulo-cultural-linguistic-adaptation-oxford-cognitive-S2173580821001668\" target=\"_blank\" rel=\"noopener\">Cultural and linguistic adaptation of the Oxford Cognitive Screen to the Spanish population.<\/a><span class=\"period\"> Neurolog\u00eda. <\/span><span class=\"cit\">2020;S0213-4853(19)30147-1. <\/span><span class=\"citation-doi\">doi: 10.1016\/j.nrl.2019.11.004<\/span><a href=\"https:\/\/pubmed.ncbi.nlm.nih.gov\/31980284\/\"><span class=\"citation-doi\">.<\/span><\/a><\/p>\n<p>[\/et_pb_blurb][\/et_pb_column][\/et_pb_row][\/et_pb_section][et_pb_section fb_built=&#8221;1&#8243; _builder_version=&#8221;4.17.4&#8243; _module_preset=&#8221;default&#8221; background_color=&#8221;#FFFFFF&#8221; custom_padding=&#8221;||||false|false&#8221; global_colors_info=&#8221;{}&#8221;][et_pb_row _builder_version=&#8221;4.17.4&#8243; _module_preset=&#8221;default&#8221; custom_margin=&#8221;|auto||auto|false|false&#8221; global_colors_info=&#8221;{}&#8221;][et_pb_column type=&#8221;4_4&#8243; _builder_version=&#8221;4.17.4&#8243; _module_preset=&#8221;default&#8221; global_colors_info=&#8221;{}&#8221;][et_pb_text _builder_version=&#8221;4.17.4&#8243; _module_preset=&#8221;default&#8221; text_font=&#8221;|300|||||||&#8221; custom_padding=&#8221;10px|30px|10px|30px|false|false&#8221; global_colors_info=&#8221;{}&#8221;]<\/p>\n<h2><span style=\"color: #333333\"><strong>DOWNLOAD <\/strong><em>the Tool<\/em><\/span><\/h2>\n<p>[\/et_pb_text][et_pb_blurb title=&#8221;The original materials and procedure of the application of the test are accessible at:&#8221; url=&#8221;https:\/\/innovation.ox.ac.uk\/outcome-measures\/the-oxford-cognitive-screen-ocs\/&#8221; url_new_window=&#8221;on&#8221; use_icon=&#8221;on&#8221; font_icon=&#8221;&#xe05f;||divi||400&#8243; icon_color=&#8221;#2a7c0e&#8221; image_icon_width=&#8221;53px&#8221; icon_alignment=&#8221;left&#8221; content_max_width=&#8221;1100px&#8221; icon_placement_tablet=&#8221;&#8221; icon_placement_phone=&#8221;&#8221; icon_placement_last_edited=&#8221;on|desktop&#8221; image_icon_width_tablet=&#8221;53px&#8221; image_icon_width_phone=&#8221;53px&#8221; image_icon_width_last_edited=&#8221;on|desktop&#8221; icon_alignment_tablet=&#8221;&#8221; icon_alignment_phone=&#8221;&#8221; icon_alignment_last_edited=&#8221;on|desktop&#8221; _builder_version=&#8221;4.17.4&#8243; _module_preset=&#8221;default&#8221; header_font=&#8221;|600|||||||&#8221; header_font_size=&#8221;18px&#8221; body_font=&#8221;||||||||&#8221; image_icon_custom_padding=&#8221;||||false|false&#8221; custom_margin=&#8221;|30px||30px|false|false&#8221; custom_margin_tablet=&#8221;|30px||30px|false|false&#8221; custom_margin_phone=&#8221;|10px||10px|false|false&#8221; custom_margin_last_edited=&#8221;on|phone&#8221; custom_padding=&#8221;15px|15px|15px|15px|false|false&#8221; animation=&#8221;off&#8221; link_option_url=&#8221;https:\/\/innovation.ox.ac.uk\/outcome-measures\/the-oxford-cognitive-screen-ocs\/&#8221; link_option_url_new_window=&#8221;on&#8221; border_radii=&#8221;on|10px|10px|10px|10px&#8221; border_width_all=&#8221;1px&#8221; border_color_all=&#8221;#2d7c12&#8243; global_colors_info=&#8221;{}&#8221;]<\/p>\n<p><a href=\"https:\/\/innovation.ox.ac.uk\/outcome-measures\/the-oxford-cognitive-screen-ocs\/\" target=\"_blank\" rel=\"noopener\">https:\/\/innovation.ox.ac.uk\/outcome-measures\/the-oxford-cognitive-screen-ocs\/<\/a><\/p>\n<p>[\/et_pb_blurb][et_pb_blurb title=&#8221;The licence to access the Spanish version is available at:&#8221; url=&#8221;https:\/\/process.innovation.ox.ac.uk\/clinical&#8221; url_new_window=&#8221;on&#8221; use_icon=&#8221;on&#8221; font_icon=&#8221;&#xf56d;||fa||900&#8243; icon_color=&#8221;#2a7c0e&#8221; image_icon_width=&#8221;53px&#8221; icon_alignment=&#8221;left&#8221; content_max_width=&#8221;1100px&#8221; icon_placement_tablet=&#8221;&#8221; icon_placement_phone=&#8221;&#8221; icon_placement_last_edited=&#8221;on|desktop&#8221; image_icon_width_tablet=&#8221;53px&#8221; image_icon_width_phone=&#8221;53px&#8221; image_icon_width_last_edited=&#8221;on|desktop&#8221; icon_alignment_tablet=&#8221;&#8221; icon_alignment_phone=&#8221;&#8221; icon_alignment_last_edited=&#8221;on|desktop&#8221; _builder_version=&#8221;4.17.4&#8243; _module_preset=&#8221;default&#8221; header_font=&#8221;|600|||||||&#8221; header_font_size=&#8221;18px&#8221; body_font=&#8221;||||||||&#8221; image_icon_custom_padding=&#8221;||||false|false&#8221; custom_margin=&#8221;|30px||30px|false|false&#8221; custom_margin_tablet=&#8221;|30px||30px|false|false&#8221; custom_margin_phone=&#8221;|10px||10px|false|false&#8221; custom_margin_last_edited=&#8221;on|phone&#8221; custom_padding=&#8221;15px|15px|15px|15px|false|false&#8221; animation=&#8221;off&#8221; link_option_url=&#8221;https:\/\/process.innovation.ox.ac.uk\/clinical&#8221; link_option_url_new_window=&#8221;on&#8221; border_radii=&#8221;on|10px|10px|10px|10px&#8221; border_width_all=&#8221;1px&#8221; border_color_all=&#8221;#2d7c12&#8243; global_colors_info=&#8221;{}&#8221;]<\/p>\n<p><a href=\"https:\/\/process.innovation.ox.ac.uk\/clinical\" target=\"_blank\" rel=\"noopener\">https:\/\/process.innovation.ox.ac.uk\/clinical<\/a><\/p>\n<p>[\/et_pb_blurb][\/et_pb_column][\/et_pb_row][\/et_pb_section]<\/p>\n","protected":false},"excerpt":{"rendered":"<p>Oxford Cognitive Screen (OCS)OXFORD COGNITIVE SCREEN (OCS)Oxford Cognitive Screen (OCS) is a test designed specifically to rapidly evaluate cognitive alterations in patients with stroke. It\u2019s principal advantage is that it permits the evaluation of patients with aphasia and negligence. Also, with the objective of controlling the motor deficit in superior limbs, a frequent symptom of [&hellip;]<\/p>\n","protected":false},"author":3804,"featured_media":0,"parent":0,"menu_order":0,"comment_status":"open","ping_status":"open","template":"","meta":{"_et_pb_use_builder":"on","_et_pb_old_content":"<p style=\"text-align: justify;\"><strong>El Oxford Cognitive Screen (OCS)<\/strong>\u00a0es un test dise\u00f1ado espec\u00edficamente para evaluar de forma r\u00e1pida alteraciones cognitivas en pacientes con ictus. Como ventaja principal, permite la evaluaci\u00f3n de pacientes con afasia y negligencia. Adem\u00e1s, con el objetivo de<br \/> controlar la influencia del d\u00e9ficit motor en miembros superiores, s\u00edntoma muy frecuente tras un ictus, todas las tareas del test pueden cumplimentarse con una sola mano. Eval\u00faa cinco dominios cognitivos: atenci\u00f3n y funci\u00f3n ejecutiva, lenguaje, memoria,\u00a0procesamiento de n\u00fameros y praxias. Consta de 10 tareas: nombrar im\u00e1genes, categorizaci\u00f3n sem\u00e1ntica, orientaci\u00f3n, campo visual, lectura de frases, escritura de n\u00fameros y c\u00e1lculo, atenci\u00f3n, praxias, memoria y reconocimiento y prueba ejecutiva. Est\u00e1n dise\u00f1adas para poder evaluar a pacientes con afasia y negligencia, tanto aloc\u00e9ntrica como egoc\u00e9ntrica. Para ello, incluye palabras cortas de alta frecuencia, resentaci\u00f3n de las tareas y respuestas de forma multimodal y la alineaci\u00f3n de los \u00edtems es central (reduciendo la necesidad de rastreo visual), lo que facilita focalizar la atenci\u00f3n.<\/p><p style=\"text-align: justify;\">Los materiales originales y el procedimiento de aplicaci\u00f3n del test est\u00e1n accesibles en:\u00a0<a href=\"https:\/\/innovation.ox.ac.uk\/outcome-measures\/the-oxford-cognitive-screen-ocs\/\">https:\/\/innovation.ox.ac.uk\/outcome-measures\/the-oxford-cognitive-screen-ocs\/<\/a><\/p><p style=\"text-align: justify;\">La licencia de acceso a la versi\u00f3n espa\u00f1ola est\u00e1 disponible en:\u00a0<a href=\"https:\/\/process.innovation.ox.ac.uk\/clinical\">https:\/\/process.innovation.ox.ac.uk\/clinical<\/a><\/p><p><strong>Enlace a la validaci\u00f3n:<\/strong>\u00a0Valera-Gran D, L\u00f3pez-Roig S, Hurtado-Pomares M, Peral-G\u00f3mez P, Garc\u00eda-Manzanares M, Sunyer Catlla M, M\u00e1s Ses\u00e9 G, Navarrete-Mu\u00f1oz EM, S\u00e1nchez-P\u00e9rez A. Validation of the Spanish version of the Oxford Cognitive Screen (S-OCS):psychometric properties of a short cognitive stroke-specific screening tool. Clin Rehabil. 2019;33(4):724-736<\/p><p><img class=\"  wp-image-370 aligncenter\" src=\"http:\/\/inteo.edu.umh.es\/wp-content\/uploads\/sites\/1447\/2019\/11\/foto-del-cerebro.jpg\" alt=\"foto del cerebro\" width=\"81\" height=\"81\" \/><\/p>","_et_gb_content_width":"","_links_to":"","_links_to_target":""},"_links":{"self":[{"href":"https:\/\/inteo.umh.es\/en\/wp-json\/wp\/v2\/pages\/1604"}],"collection":[{"href":"https:\/\/inteo.umh.es\/en\/wp-json\/wp\/v2\/pages"}],"about":[{"href":"https:\/\/inteo.umh.es\/en\/wp-json\/wp\/v2\/types\/page"}],"author":[{"embeddable":true,"href":"https:\/\/inteo.umh.es\/en\/wp-json\/wp\/v2\/users\/3804"}],"replies":[{"embeddable":true,"href":"https:\/\/inteo.umh.es\/en\/wp-json\/wp\/v2\/comments?post=1604"}],"version-history":[{"count":0,"href":"https:\/\/inteo.umh.es\/en\/wp-json\/wp\/v2\/pages\/1604\/revisions"}],"wp:attachment":[{"href":"https:\/\/inteo.umh.es\/en\/wp-json\/wp\/v2\/media?parent=1604"}],"curies":[{"name":"wp","href":"https:\/\/api.w.org\/{rel}","templated":true}]}}