{"id":1592,"date":"2019-12-13T08:13:47","date_gmt":"2019-12-13T08:13:47","guid":{"rendered":"https:\/\/inteo.umh.es\/occupational-balance-questionnaire-obq\/"},"modified":"2025-06-01T18:58:35","modified_gmt":"2025-06-01T18:58:35","slug":"occupational-balance-questionnaire-obq","status":"publish","type":"page","link":"https:\/\/inteo.umh.es\/en\/occupational-balance-questionnaire-obq\/","title":{"rendered":"Occupational Balance Questionnaire (OBQ)"},"content":{"rendered":"<p>[et_pb_section fb_built=&#8221;1&#8243; fullwidth=&#8221;on&#8221; custom_padding_last_edited=&#8221;on|desktop&#8221; admin_label=&#8221;section&#8221; _builder_version=&#8221;4.17.4&#8243; background_color=&#8221;RGBA(255,255,255,0)&#8221; custom_padding_tablet=&#8221;|0||0|false|false&#8221; custom_padding_phone=&#8221;|0||0|false|false&#8221; transparent_background=&#8221;off&#8221; make_fullwidth=&#8221;off&#8221; use_custom_width=&#8221;off&#8221; width_unit=&#8221;on&#8221; global_colors_info=&#8221;{}&#8221;][et_pb_fullwidth_menu menu_id=&#8221;298916&#8243; submenu_direction=&#8221;downwards&#8221; fullwidth_menu=&#8221;off&#8221; active_link_color=&#8221;#93b247&#8243; dropdown_menu_bg_color=&#8221;#118425&#8243; dropdown_menu_line_color=&#8221;#FFFFFF&#8221; dropdown_menu_text_color=&#8221;#FFFFFF&#8221; dropdown_menu_active_link_color=&#8221;#93b247&#8243; mobile_menu_bg_color=&#8221;#118425&#8243; mobile_menu_text_color=&#8221;#FFFFFF&#8221; logo_url=&#8221;@ET-DC@eyJkeW5hbWljIjp0cnVlLCJjb250ZW50IjoiaG9tZV91cmwiLCJzZXR0aW5ncyI6e319@&#8221; logo_max_height=&#8221;42px&#8221; cart_icon_color=&#8221;#FFFFFF&#8221; search_icon_color=&#8221;#FFFFFF&#8221; menu_icon_color=&#8221;#FFFFFF&#8221; menu_icon_font_size=&#8221;50px&#8221; active_link_color_tablet=&#8221;#93b247&#8243; active_link_color_phone=&#8221;#93b247&#8243; active_link_color_last_edited=&#8221;on|desktop&#8221; dropdown_menu_line_color_tablet=&#8221;#FFFFFF&#8221; dropdown_menu_line_color_phone=&#8221;#FFFFFF&#8221; dropdown_menu_line_color_last_edited=&#8221;on|tablet&#8221; mobile_menu_bg_color_tablet=&#8221;#118425&#8243; mobile_menu_bg_color_phone=&#8221;#118425&#8243; mobile_menu_bg_color_last_edited=&#8221;on|tablet&#8221; mobile_menu_text_color_tablet=&#8221;#FFFFFF&#8221; mobile_menu_text_color_phone=&#8221;#FFFFFF&#8221; mobile_menu_text_color_last_edited=&#8221;on|desktop&#8221; logo_tablet=&#8221;&#8221; logo_phone=&#8221;&#8221; logo_last_edited=&#8221;on|desktop&#8221; logo_width_tablet=&#8221;&#8221; logo_width_phone=&#8221;&#8221; logo_width_last_edited=&#8221;on|tablet&#8221; logo_max_height_tablet=&#8221;40px&#8221; logo_max_height_phone=&#8221;40px&#8221; logo_max_height_last_edited=&#8221;on|desktop&#8221; menu_icon_font_size_tablet=&#8221;&#8221; menu_icon_font_size_phone=&#8221;50px&#8221; menu_icon_font_size_last_edited=&#8221;on|phone&#8221; admin_label=&#8221;Men\u00fa de anchura completa&#8221; _builder_version=&#8221;4.17.4&#8243; _dynamic_attributes=&#8221;logo_url&#8221; menu_font=&#8221;|600|||||||&#8221; menu_text_color=&#8221;#FFFFFF&#8221; menu_font_size=&#8221;17px&#8221; background_color=&#8221;#118425&#8243; text_orientation=&#8221;center&#8221; background_layout=&#8221;dark&#8221; min_height_last_edited=&#8221;off|desktop&#8221; custom_margin_tablet=&#8221;||||false|false&#8221; custom_margin_phone=&#8221;||||false|false&#8221; custom_margin_last_edited=&#8221;on|desktop&#8221; custom_padding=&#8221;||||false|false&#8221; custom_padding_tablet=&#8221;|50px|||false|false&#8221; custom_padding_phone=&#8221;|50px|||false|false&#8221; custom_padding_last_edited=&#8221;on|phone&#8221; menu_text_color_tablet=&#8221;#FFFFFF&#8221; menu_text_color_phone=&#8221;#FFFFFF&#8221; menu_text_color_last_edited=&#8221;on|desktop&#8221; background_last_edited=&#8221;on|desktop&#8221; text_orientation_tablet=&#8221;&#8221; text_orientation_phone=&#8221;&#8221; text_orientation_last_edited=&#8221;on|tablet&#8221; module_alignment_tablet=&#8221;left&#8221; module_alignment_phone=&#8221;left&#8221; module_alignment_last_edited=&#8221;on|tablet&#8221; menu_text_shadow_style=&#8221;preset5&#8243; border_width_all=&#8221;0px&#8221; saved_tabs=&#8221;all&#8221; global_colors_info=&#8221;{}&#8221;][\/et_pb_fullwidth_menu][et_pb_fullwidth_slider show_arrows=&#8221;off&#8221; show_pagination=&#8221;off&#8221; admin_label=&#8221;Control deslizante de anchura completa&#8221; _builder_version=&#8221;4.17.4&#8243; custom_padding=&#8221;50px||50px|&#8221; custom_padding_tablet=&#8221;|||&#8221; custom_padding_phone=&#8221;|||&#8221; auto=&#8221;on&#8221; auto_speed=&#8221;3000&#8243; auto_ignore_hover=&#8221;on&#8221; hover_enabled=&#8221;0&#8243; custom_css_slide_description=&#8221;animation-name: none;&#8221; top_padding=&#8221;50px&#8221; bottom_padding=&#8221;50px&#8221; remove_inner_shadow=&#8221;on&#8221; hide_content_on_mobile=&#8221;off&#8221; hide_cta_on_mobile=&#8221;off&#8221; show_inner_shadow=&#8221;off&#8221; button_letter_spacing_hover=&#8221;0&#8243; saved_tabs=&#8221;all&#8221; global_colors_info=&#8221;{}&#8221; button_text_size__hover_enabled=&#8221;off&#8221; button_one_text_size__hover_enabled=&#8221;off&#8221; button_two_text_size__hover_enabled=&#8221;off&#8221; button_text_color__hover_enabled=&#8221;off&#8221; button_one_text_color__hover_enabled=&#8221;off&#8221; button_two_text_color__hover_enabled=&#8221;off&#8221; button_border_width__hover_enabled=&#8221;off&#8221; button_one_border_width__hover_enabled=&#8221;off&#8221; button_two_border_width__hover_enabled=&#8221;off&#8221; button_border_color__hover_enabled=&#8221;off&#8221; button_one_border_color__hover_enabled=&#8221;off&#8221; button_two_border_color__hover_enabled=&#8221;off&#8221; button_border_radius__hover_enabled=&#8221;off&#8221; button_one_border_radius__hover_enabled=&#8221;off&#8221; button_two_border_radius__hover_enabled=&#8221;off&#8221; button_letter_spacing__hover_enabled=&#8221;on&#8221; button_letter_spacing__hover=&#8221;0&#8243; button_one_letter_spacing__hover_enabled=&#8221;off&#8221; button_two_letter_spacing__hover_enabled=&#8221;off&#8221; button_bg_color__hover_enabled=&#8221;off&#8221; button_one_bg_color__hover_enabled=&#8221;off&#8221; button_two_bg_color__hover_enabled=&#8221;off&#8221; sticky_enabled=&#8221;0&#8243;][et_pb_slide heading=&#8221;TOOL&#8221; use_bg_overlay=&#8221;off&#8221; use_text_overlay=&#8221;off&#8221; _builder_version=&#8221;4.17.4&#8243; header_level=&#8221;h1&#8243; header_font=&#8221;|700|||||||&#8221; header_font_size=&#8221;30px&#8221; body_font=&#8221;||||&#8221; body_font_size=&#8221;14&#8243; background_color=&#8221;RGBA(255,255,255,0)&#8221; background_enable_color=&#8221;on&#8221; background_image=&#8221;https:\/\/inteo.umh.es\/files\/2024\/08\/instrumeto-cuestionario-1.jpg&#8221; background_enable_image=&#8221;on&#8221; button_icon_placement=&#8221;right&#8221; button_on_hover=&#8221;on&#8221; hover_enabled=&#8221;0&#8243; body_font_size_tablet=&#8221;14&#8243; body_font_size_phone=&#8221;14&#8243; custom_css_main_element=&#8221;height:300px;&#8221; header_text_shadow_style=&#8221;preset5&#8243; text_shadow_style=&#8221;preset5&#8243; inline_fonts=&#8221;Alata&#8221; global_colors_info=&#8221;{}&#8221; button_text_size__hover_enabled=&#8221;off&#8221; button_one_text_size__hover_enabled=&#8221;off&#8221; button_two_text_size__hover_enabled=&#8221;off&#8221; button_text_color__hover_enabled=&#8221;off&#8221; button_one_text_color__hover_enabled=&#8221;off&#8221; button_two_text_color__hover_enabled=&#8221;off&#8221; button_border_width__hover_enabled=&#8221;off&#8221; button_one_border_width__hover_enabled=&#8221;off&#8221; button_two_border_width__hover_enabled=&#8221;off&#8221; button_border_color__hover_enabled=&#8221;off&#8221; button_one_border_color__hover_enabled=&#8221;off&#8221; button_two_border_color__hover_enabled=&#8221;off&#8221; button_border_radius__hover_enabled=&#8221;off&#8221; button_one_border_radius__hover_enabled=&#8221;off&#8221; button_two_border_radius__hover_enabled=&#8221;off&#8221; button_letter_spacing__hover_enabled=&#8221;off&#8221; button_one_letter_spacing__hover_enabled=&#8221;off&#8221; button_two_letter_spacing__hover_enabled=&#8221;off&#8221; button_bg_color__hover_enabled=&#8221;off&#8221; button_one_bg_color__hover_enabled=&#8221;off&#8221; button_two_bg_color__hover_enabled=&#8221;off&#8221; sticky_transition=&#8221;on&#8221; sticky_enabled=&#8221;0&#8243;]<\/p>\n<h4><span style=\"font-family: Alata;font-weight: normal\">Ocucupational Balance Questionnaire (OBQ)<\/span><\/h4>\n<p>[\/et_pb_slide][\/et_pb_fullwidth_slider][\/et_pb_section][et_pb_section fb_built=&#8221;1&#8243; admin_label=&#8221;section&#8221; _builder_version=&#8221;4.16&#8243; global_colors_info=&#8221;{}&#8221;][et_pb_row admin_label=&#8221;row&#8221; _builder_version=&#8221;4.16&#8243; background_size=&#8221;initial&#8221; background_position=&#8221;top_left&#8221; background_repeat=&#8221;repeat&#8221; global_colors_info=&#8221;{}&#8221;][et_pb_column type=&#8221;4_4&#8243; _builder_version=&#8221;4.16&#8243; custom_padding=&#8221;|||&#8221; global_colors_info=&#8221;{}&#8221; custom_padding__hover=&#8221;|||&#8221;][et_pb_text _builder_version=&#8221;4.17.4&#8243; _module_preset=&#8221;default&#8221; text_font=&#8221;|300|||||||&#8221; custom_padding=&#8221;10px|30px|10px|30px|false|false&#8221; global_colors_info=&#8221;{}&#8221;]<\/p>\n<h2><span style=\"color: #333333\"><strong>OCCUPATIONAL BALANCE QUESTIONNAIRE <\/strong><em>(OBQ)<\/em><\/span><\/h2>\n<p>[\/et_pb_text][et_pb_text admin_label=&#8221;Texto&#8221; _builder_version=&#8221;4.17.4&#8243; background_size=&#8221;initial&#8221; background_position=&#8221;top_left&#8221; background_repeat=&#8221;repeat&#8221; custom_padding=&#8221;|30px||30px|false|false&#8221; use_border_color=&#8221;off&#8221; border_color=&#8221;#ffffff&#8221; border_style=&#8221;solid&#8221; global_colors_info=&#8221;{}&#8221;]<\/p>\n<p style=\"text-align: left\">The <strong>Occupational Balance Questionnaire (OBQ)<\/strong> is a questionnaire in which a person evaluates their occupational balance in relation to their current situation and daily life.<\/p>\n<p style=\"text-align: left\">The questionnaire uses 13 affirmations that explore the balance between different types of activities, meaning, the use of time and satisfaction related to these activities and the time employed in them.<\/p>\n<p style=\"text-align: left\"><strong>SCORE:<\/strong><\/p>\n<p style=\"text-align: left\">It is scored using a six point response scale (from 0 to 5) by the level of agreement with each of the affirmations. Answers range from \u201ccompletely disagree\u201d (equivalent of 0) to \u201ccompletely agree\u201d (equivalent of 5). Thus, it is possible to obtain a final score that ranges from 0 to 65, where a greater score indicates a greater OB. <\/p>\n<p style=\"text-align: left\"><strong>AUTHORSHIP:<\/strong><\/p>\n<p>This tool was designed by Wagman and H\u00e5kansson in 2014. It has been adapted to Spanish and validated among occupational therapy university students by Peral-Gomez and colleagues.<\/p>\n<p>[\/et_pb_text][\/et_pb_column][\/et_pb_row][\/et_pb_section][et_pb_section fb_built=&#8221;1&#8243; _builder_version=&#8221;4.17.4&#8243; _module_preset=&#8221;default&#8221; background_color=&#8221;#f4f4f4&#8243; custom_padding=&#8221;||||false|false&#8221; global_colors_info=&#8221;{}&#8221;][et_pb_row _builder_version=&#8221;4.17.4&#8243; _module_preset=&#8221;default&#8221; custom_margin=&#8221;|auto||auto|false|false&#8221; global_colors_info=&#8221;{}&#8221;][et_pb_column type=&#8221;4_4&#8243; _builder_version=&#8221;4.17.4&#8243; _module_preset=&#8221;default&#8221; global_colors_info=&#8221;{}&#8221;][et_pb_text _builder_version=&#8221;4.17.4&#8243; _module_preset=&#8221;default&#8221; text_font=&#8221;|300|||||||&#8221; custom_padding=&#8221;10px|30px|10px|30px|false|false&#8221; global_colors_info=&#8221;{}&#8221;]<\/p>\n<h2><span style=\"color: #333333\"><strong>LINKS <\/strong><em>to the Tool&#8217;s publications<\/em><\/span><\/h2>\n<p>[\/et_pb_text][et_pb_blurb title=&#8221;Link to the validity of Spanish version publication&#8221; url=&#8221;https:\/\/pubmed.ncbi.nlm.nih.gov\/34299957\/&#8221; url_new_window=&#8221;on&#8221; use_icon=&#8221;on&#8221; font_icon=&#8221;&#x5a;||divi||400&#8243; icon_color=&#8221;#2a7c0e&#8221; image_icon_width=&#8221;53px&#8221; icon_alignment=&#8221;left&#8221; content_max_width=&#8221;1100px&#8221; icon_placement_tablet=&#8221;&#8221; icon_placement_phone=&#8221;&#8221; icon_placement_last_edited=&#8221;on|desktop&#8221; image_icon_width_tablet=&#8221;53px&#8221; image_icon_width_phone=&#8221;53px&#8221; image_icon_width_last_edited=&#8221;on|desktop&#8221; icon_alignment_tablet=&#8221;left&#8221; icon_alignment_phone=&#8221;left&#8221; icon_alignment_last_edited=&#8221;on|desktop&#8221; _builder_version=&#8221;4.17.4&#8243; _module_preset=&#8221;default&#8221; header_font=&#8221;|600|||||||&#8221; header_font_size=&#8221;18px&#8221; body_font=&#8221;||||||||&#8221; image_icon_custom_padding=&#8221;||||false|false&#8221; custom_margin=&#8221;|30px||30px|false|false&#8221; custom_margin_tablet=&#8221;|30px||30px|false|false&#8221; custom_margin_phone=&#8221;|10px||10px|false|false&#8221; custom_margin_last_edited=&#8221;on|phone&#8221; custom_padding=&#8221;15px|15px|15px|15px|false|false&#8221; animation=&#8221;off&#8221; link_option_url=&#8221;https:\/\/pubmed.ncbi.nlm.nih.gov\/34299957\/&#8221; link_option_url_new_window=&#8221;on&#8221; border_radii=&#8221;on|10px|10px|10px|10px&#8221; border_width_all=&#8221;1px&#8221; border_color_all=&#8221;#2d7c12&#8243; global_colors_info=&#8221;{}&#8221;]<\/p>\n<p><span class=\"docsum-authors full-authors\">Peral-G\u00f3mez P, L\u00f3pez-Roig S, Pastor-Mira M\u00c1, Abad-Navarro E, Valera-Gran D, H\u00e5kansson C, Wagman P. <\/span><a href=\"https:\/\/pubmed.ncbi.nlm.nih.gov\/34299957\/\">Cultural Adaptation and Psychometric Properties of the Spanish Version of the Occupational Balance Questionnaire: An Instrument for Occupation-Based Research<\/a>. <span class=\"docsum-journal-citation full-journal-citation\">Int J Environ Res Public Health. 2021 Jul 14;18(14):7506. doi: 10.3390\/ijerph18147506  <\/span><\/p>\n<p>[\/et_pb_blurb][et_pb_blurb title=&#8221;Link to the psychometric properties of the Spanish version.&#8221; url=&#8221;https:\/\/pubmed.ncbi.nlm.nih.gov\/34299957\/&#8221; url_new_window=&#8221;on&#8221; use_icon=&#8221;on&#8221; font_icon=&#8221;&#xf570;||fa||900&#8243; icon_color=&#8221;#2a7c0e&#8221; image_icon_width=&#8221;53px&#8221; icon_alignment=&#8221;left&#8221; content_max_width=&#8221;1100px&#8221; icon_placement_tablet=&#8221;&#8221; icon_placement_phone=&#8221;&#8221; icon_placement_last_edited=&#8221;on|desktop&#8221; image_icon_width_tablet=&#8221;53px&#8221; image_icon_width_phone=&#8221;53px&#8221; image_icon_width_last_edited=&#8221;on|desktop&#8221; icon_alignment_tablet=&#8221;left&#8221; icon_alignment_phone=&#8221;left&#8221; icon_alignment_last_edited=&#8221;on|desktop&#8221; _builder_version=&#8221;4.17.4&#8243; _module_preset=&#8221;default&#8221; header_font=&#8221;|600|||||||&#8221; header_font_size=&#8221;18px&#8221; body_font=&#8221;||||||||&#8221; image_icon_custom_padding=&#8221;||||false|false&#8221; custom_margin=&#8221;|30px||30px|false|false&#8221; custom_margin_tablet=&#8221;|30px||30px|false|false&#8221; custom_margin_phone=&#8221;|10px||10px|false|false&#8221; custom_margin_last_edited=&#8221;on|phone&#8221; custom_padding=&#8221;15px|15px|15px|15px|false|false&#8221; animation=&#8221;off&#8221; link_option_url=&#8221;https:\/\/pubmed.ncbi.nlm.nih.gov\/34299957\/&#8221; link_option_url_new_window=&#8221;on&#8221; border_radii=&#8221;on|10px|10px|10px|10px&#8221; border_width_all=&#8221;1px&#8221; border_color_all=&#8221;#2d7c12&#8243; global_colors_info=&#8221;{}&#8221;]<\/p>\n<p>Peral-G\u00f3mez P, Espinosa-Sempere C, Navarrete-Mu\u00f1oz EM, Hurtado-Pomares M, Ju\u00e1rez-Leal I, Valera-Gran D, S\u00e1nchez-P\u00e9rez A. <a href=\"https:\/\/pubmed.ncbi.nlm.nih.gov\/36368922\/\" target=\"_blank\" rel=\"noopener\">The Spanish version of Occupational Balance Questionnaire: psychometric properties and normative data in a representative sample of adults<\/a>. Ann Med. 2022;54(1):3211-3218.   <a href=\"https:\/\/www.tandfonline.com\/doi\/full\/10.1080\/07853890.2022.2145016\">doi:10.1080\/07853890.2022.2145016<\/a><\/p>\n<p>[\/et_pb_blurb][\/et_pb_column][\/et_pb_row][\/et_pb_section][et_pb_section fb_built=&#8221;1&#8243; _builder_version=&#8221;4.17.4&#8243; _module_preset=&#8221;default&#8221; background_color=&#8221;#FFFFFF&#8221; custom_padding=&#8221;||||false|false&#8221; global_colors_info=&#8221;{}&#8221;][et_pb_row _builder_version=&#8221;4.17.4&#8243; _module_preset=&#8221;default&#8221; custom_margin=&#8221;|auto||auto|false|false&#8221; global_colors_info=&#8221;{}&#8221;][et_pb_column type=&#8221;4_4&#8243; _builder_version=&#8221;4.17.4&#8243; _module_preset=&#8221;default&#8221; global_colors_info=&#8221;{}&#8221;][et_pb_text _builder_version=&#8221;4.17.4&#8243; _module_preset=&#8221;default&#8221; text_font=&#8221;|300|||||||&#8221; custom_padding=&#8221;10px|30px|10px|30px|false|false&#8221; global_colors_info=&#8221;{}&#8221;]<\/p>\n<h2><span style=\"color: #333333\"><strong>DOWNLOAD <\/strong><em>the Tool<\/em><\/span><\/h2>\n<p>[\/et_pb_text][et_pb_blurb title=&#8221;Request to download the OBQ questionnaire&#8221; url=&#8221;https:\/\/forms.gle\/jzyCSPMSA5BFJs7h9&#8243; url_new_window=&#8221;on&#8221; use_icon=&#8221;on&#8221; font_icon=&#8221;&#xf56d;||fa||900&#8243; icon_color=&#8221;#2a7c0e&#8221; image_icon_width=&#8221;53px&#8221; icon_alignment=&#8221;left&#8221; content_max_width=&#8221;1100px&#8221; icon_placement_tablet=&#8221;&#8221; icon_placement_phone=&#8221;&#8221; icon_placement_last_edited=&#8221;on|desktop&#8221; image_icon_width_tablet=&#8221;53px&#8221; image_icon_width_phone=&#8221;53px&#8221; image_icon_width_last_edited=&#8221;on|desktop&#8221; icon_alignment_tablet=&#8221;left&#8221; icon_alignment_phone=&#8221;left&#8221; icon_alignment_last_edited=&#8221;on|desktop&#8221; _builder_version=&#8221;4.17.4&#8243; _module_preset=&#8221;default&#8221; header_font=&#8221;|600|||||||&#8221; header_font_size=&#8221;18px&#8221; body_font=&#8221;||||||||&#8221; image_icon_custom_padding=&#8221;||||false|false&#8221; custom_margin=&#8221;|30px||30px|false|false&#8221; custom_margin_tablet=&#8221;|30px||30px|false|false&#8221; custom_margin_phone=&#8221;|10px||10px|false|false&#8221; custom_margin_last_edited=&#8221;on|phone&#8221; custom_padding=&#8221;15px|15px|15px|15px|false|false&#8221; animation=&#8221;off&#8221; link_option_url=&#8221;https:\/\/forms.gle\/jzyCSPMSA5BFJs7h9&#8243; link_option_url_new_window=&#8221;on&#8221; border_radii=&#8221;on|10px|10px|10px|10px&#8221; border_width_all=&#8221;1px&#8221; border_color_all=&#8221;#2d7c12&#8243; global_colors_info=&#8221;{}&#8221;]<\/p>\n<p>To download the questionnaire in Spanish, you most complete this questionnaire.<\/p>\n<p>[\/et_pb_blurb][\/et_pb_column][\/et_pb_row][\/et_pb_section]<\/p>\n","protected":false},"excerpt":{"rendered":"<p>Ocucupational Balance Questionnaire (OBQ)OCCUPATIONAL BALANCE QUESTIONNAIRE (OBQ)The Occupational Balance Questionnaire (OBQ) is a questionnaire in which a person evaluates their occupational balance in relation to their current situation and daily life. The questionnaire uses 13 affirmations that explore the balance between different types of activities, meaning, the use of time and satisfaction related to these [&hellip;]<\/p>\n","protected":false},"author":3804,"featured_media":0,"parent":0,"menu_order":0,"comment_status":"open","ping_status":"open","template":"","meta":{"_et_pb_use_builder":"on","_et_pb_old_content":"<p>El<strong>\u00a0Occupational Balance Questionnaire (OBQ)<\/strong>\u00a0es un cuestionario en el que la persona eval\u00faa su equilibrio ocupacional en relaci\u00f3n a su situaci\u00f3n actual y su vida cotidiana. Para ello, expone 13 afirmaciones que exploran el equilibrio entre distintos tipos de ocupaciones, la significaci\u00f3n, el uso del tiempo y la satisfacci\u00f3n en relaci\u00f3n a esas ocupaciones y al tiempo empleado en ellas. Se punt\u00faa usando una escala de respuesta de 6 puntos (de 0 a 5) seg\u00fan el grado de acuerdo que tenga la persona con cada una de las afirmaciones, pudiendo<br \/> estar \u201cCompletamente en desacuerdo\u201d (equivalente a 0) hasta \u201cCompletamente de acuerdo\u201d (equivalente a 5). As\u00ed, se puede obtener una puntuaci\u00f3n final que va de 0 a 65, donde una mayor puntuaci\u00f3n indica un mayor EO.<\/p><p>Esta herramienta fue dise\u00f1ada por Wagman y H\u00e5kansson en 2014, y actualmente est\u00e1 adaptada al espa\u00f1ol y validada en estudiantes universitarios de terapia ocupacional por Peral-G\u00f3mez y colegas.<\/p><p>Si est\u00e1s interesado en conseguir la versi\u00f3n espa\u00f1ola contacta con<br \/> pperal@umh.es<\/p><p><img class=\"  wp-image-370 aligncenter\" src=\"http:\/\/inteo.edu.umh.es\/wp-content\/uploads\/sites\/1447\/2019\/11\/foto-del-cerebro.jpg\" alt=\"foto del cerebro\" width=\"81\" height=\"81\" \/><\/p>","_et_gb_content_width":"","_links_to":"","_links_to_target":""},"_links":{"self":[{"href":"https:\/\/inteo.umh.es\/en\/wp-json\/wp\/v2\/pages\/1592"}],"collection":[{"href":"https:\/\/inteo.umh.es\/en\/wp-json\/wp\/v2\/pages"}],"about":[{"href":"https:\/\/inteo.umh.es\/en\/wp-json\/wp\/v2\/types\/page"}],"author":[{"embeddable":true,"href":"https:\/\/inteo.umh.es\/en\/wp-json\/wp\/v2\/users\/3804"}],"replies":[{"embeddable":true,"href":"https:\/\/inteo.umh.es\/en\/wp-json\/wp\/v2\/comments?post=1592"}],"version-history":[{"count":0,"href":"https:\/\/inteo.umh.es\/en\/wp-json\/wp\/v2\/pages\/1592\/revisions"}],"wp:attachment":[{"href":"https:\/\/inteo.umh.es\/en\/wp-json\/wp\/v2\/media?parent=1592"}],"curies":[{"name":"wp","href":"https:\/\/api.w.org\/{rel}","templated":true}]}}