{"id":1538,"date":"2019-12-13T08:10:28","date_gmt":"2019-12-13T08:10:28","guid":{"rendered":"https:\/\/inteo.umh.es\/disability-assessment-for-dementia-dad\/"},"modified":"2025-06-01T18:34:08","modified_gmt":"2025-06-01T18:34:08","slug":"disability-assessment-for-dementia-dad","status":"publish","type":"page","link":"https:\/\/inteo.umh.es\/en\/disability-assessment-for-dementia-dad\/","title":{"rendered":"Disability Assessment For Dementia (DAD)"},"content":{"rendered":"<p>[et_pb_section fb_built=&#8221;1&#8243; fullwidth=&#8221;on&#8221; custom_padding_last_edited=&#8221;on|phone&#8221; admin_label=&#8221;section&#8221; _builder_version=&#8221;4.17.4&#8243; background_color=&#8221;RGBA(255,255,255,0)&#8221; custom_padding_tablet=&#8221;|0||0|false|false&#8221; custom_padding_phone=&#8221;|0||0|false|false&#8221; transparent_background=&#8221;off&#8221; make_fullwidth=&#8221;off&#8221; use_custom_width=&#8221;off&#8221; width_unit=&#8221;on&#8221; global_colors_info=&#8221;{}&#8221;][et_pb_fullwidth_menu menu_id=&#8221;298916&#8243; submenu_direction=&#8221;downwards&#8221; fullwidth_menu=&#8221;off&#8221; active_link_color=&#8221;#93b247&#8243; dropdown_menu_bg_color=&#8221;#118425&#8243; dropdown_menu_line_color=&#8221;#FFFFFF&#8221; dropdown_menu_text_color=&#8221;#FFFFFF&#8221; dropdown_menu_active_link_color=&#8221;#93b247&#8243; mobile_menu_bg_color=&#8221;#118425&#8243; mobile_menu_text_color=&#8221;#FFFFFF&#8221; logo_url=&#8221;@ET-DC@eyJkeW5hbWljIjp0cnVlLCJjb250ZW50IjoiaG9tZV91cmwiLCJzZXR0aW5ncyI6e319@&#8221; logo_max_height=&#8221;42px&#8221; cart_icon_color=&#8221;#FFFFFF&#8221; search_icon_color=&#8221;#FFFFFF&#8221; menu_icon_color=&#8221;#FFFFFF&#8221; menu_icon_font_size=&#8221;50px&#8221; active_link_color_tablet=&#8221;#93b247&#8243; active_link_color_phone=&#8221;#93b247&#8243; active_link_color_last_edited=&#8221;on|desktop&#8221; dropdown_menu_line_color_tablet=&#8221;#FFFFFF&#8221; dropdown_menu_line_color_phone=&#8221;#FFFFFF&#8221; dropdown_menu_line_color_last_edited=&#8221;on|tablet&#8221; mobile_menu_bg_color_tablet=&#8221;#118425&#8243; mobile_menu_bg_color_phone=&#8221;#118425&#8243; mobile_menu_bg_color_last_edited=&#8221;on|tablet&#8221; mobile_menu_text_color_tablet=&#8221;#FFFFFF&#8221; mobile_menu_text_color_phone=&#8221;#FFFFFF&#8221; mobile_menu_text_color_last_edited=&#8221;on|desktop&#8221; logo_tablet=&#8221;&#8221; logo_phone=&#8221;&#8221; logo_last_edited=&#8221;on|desktop&#8221; logo_width_tablet=&#8221;&#8221; logo_width_phone=&#8221;&#8221; logo_width_last_edited=&#8221;on|tablet&#8221; logo_max_height_tablet=&#8221;40px&#8221; logo_max_height_phone=&#8221;40px&#8221; logo_max_height_last_edited=&#8221;on|desktop&#8221; menu_icon_font_size_tablet=&#8221;&#8221; menu_icon_font_size_phone=&#8221;50px&#8221; menu_icon_font_size_last_edited=&#8221;on|phone&#8221; admin_label=&#8221;Men\u00fa de anchura completa&#8221; _builder_version=&#8221;4.17.4&#8243; _dynamic_attributes=&#8221;logo_url&#8221; menu_font=&#8221;|600|||||||&#8221; menu_text_color=&#8221;#FFFFFF&#8221; menu_font_size=&#8221;17px&#8221; background_color=&#8221;#118425&#8243; text_orientation=&#8221;center&#8221; background_layout=&#8221;dark&#8221; min_height_last_edited=&#8221;off|desktop&#8221; custom_margin_tablet=&#8221;||||false|false&#8221; custom_margin_phone=&#8221;||||false|false&#8221; custom_margin_last_edited=&#8221;on|desktop&#8221; custom_padding=&#8221;||||false|false&#8221; custom_padding_tablet=&#8221;|50px|||false|false&#8221; custom_padding_phone=&#8221;|50px|||false|false&#8221; custom_padding_last_edited=&#8221;on|phone&#8221; menu_text_color_tablet=&#8221;#FFFFFF&#8221; menu_text_color_phone=&#8221;#FFFFFF&#8221; menu_text_color_last_edited=&#8221;on|desktop&#8221; background_last_edited=&#8221;on|desktop&#8221; text_orientation_tablet=&#8221;&#8221; text_orientation_phone=&#8221;&#8221; text_orientation_last_edited=&#8221;on|tablet&#8221; module_alignment_tablet=&#8221;left&#8221; module_alignment_phone=&#8221;left&#8221; module_alignment_last_edited=&#8221;on|tablet&#8221; menu_text_shadow_style=&#8221;preset5&#8243; border_width_all=&#8221;0px&#8221; saved_tabs=&#8221;all&#8221; global_colors_info=&#8221;{}&#8221;][\/et_pb_fullwidth_menu][et_pb_fullwidth_slider show_arrows=&#8221;off&#8221; show_pagination=&#8221;off&#8221; admin_label=&#8221;Control deslizante de anchura completa&#8221; _builder_version=&#8221;4.17.4&#8243; custom_padding=&#8221;50px||50px|&#8221; custom_padding_tablet=&#8221;|||&#8221; custom_padding_phone=&#8221;|||&#8221; auto=&#8221;on&#8221; auto_speed=&#8221;3000&#8243; auto_ignore_hover=&#8221;on&#8221; hover_enabled=&#8221;0&#8243; custom_css_slide_description=&#8221;animation-name: none;&#8221; top_padding=&#8221;50px&#8221; bottom_padding=&#8221;50px&#8221; remove_inner_shadow=&#8221;on&#8221; hide_content_on_mobile=&#8221;off&#8221; hide_cta_on_mobile=&#8221;off&#8221; show_inner_shadow=&#8221;off&#8221; button_letter_spacing_hover=&#8221;0&#8243; saved_tabs=&#8221;all&#8221; global_colors_info=&#8221;{}&#8221; button_text_size__hover_enabled=&#8221;off&#8221; button_one_text_size__hover_enabled=&#8221;off&#8221; button_two_text_size__hover_enabled=&#8221;off&#8221; button_text_color__hover_enabled=&#8221;off&#8221; button_one_text_color__hover_enabled=&#8221;off&#8221; button_two_text_color__hover_enabled=&#8221;off&#8221; button_border_width__hover_enabled=&#8221;off&#8221; button_one_border_width__hover_enabled=&#8221;off&#8221; button_two_border_width__hover_enabled=&#8221;off&#8221; button_border_color__hover_enabled=&#8221;off&#8221; button_one_border_color__hover_enabled=&#8221;off&#8221; button_two_border_color__hover_enabled=&#8221;off&#8221; button_border_radius__hover_enabled=&#8221;off&#8221; button_one_border_radius__hover_enabled=&#8221;off&#8221; button_two_border_radius__hover_enabled=&#8221;off&#8221; button_letter_spacing__hover_enabled=&#8221;on&#8221; button_letter_spacing__hover=&#8221;0&#8243; button_one_letter_spacing__hover_enabled=&#8221;off&#8221; button_two_letter_spacing__hover_enabled=&#8221;off&#8221; button_bg_color__hover_enabled=&#8221;off&#8221; button_one_bg_color__hover_enabled=&#8221;off&#8221; button_two_bg_color__hover_enabled=&#8221;off&#8221; sticky_enabled=&#8221;0&#8243;][et_pb_slide heading=&#8221;TOOL&#8221; use_bg_overlay=&#8221;off&#8221; use_text_overlay=&#8221;off&#8221; _builder_version=&#8221;4.17.4&#8243; header_level=&#8221;h1&#8243; header_font=&#8221;|700|||||||&#8221; header_font_size=&#8221;30px&#8221; body_font=&#8221;||||&#8221; body_font_size=&#8221;14&#8243; background_color=&#8221;RGBA(255,255,255,0)&#8221; background_enable_color=&#8221;on&#8221; background_image=&#8221;https:\/\/inteo.umh.es\/files\/2024\/08\/instrumeto-cuestionario.jpg&#8221; background_enable_image=&#8221;on&#8221; button_icon_placement=&#8221;right&#8221; button_on_hover=&#8221;on&#8221; hover_enabled=&#8221;0&#8243; body_font_size_tablet=&#8221;14&#8243; body_font_size_phone=&#8221;14&#8243; custom_css_main_element=&#8221;height:300px;&#8221; header_text_shadow_style=&#8221;preset5&#8243; text_shadow_style=&#8221;preset5&#8243; inline_fonts=&#8221;Alata&#8221; global_colors_info=&#8221;{}&#8221; button_text_size__hover_enabled=&#8221;off&#8221; button_one_text_size__hover_enabled=&#8221;off&#8221; button_two_text_size__hover_enabled=&#8221;off&#8221; button_text_color__hover_enabled=&#8221;off&#8221; button_one_text_color__hover_enabled=&#8221;off&#8221; button_two_text_color__hover_enabled=&#8221;off&#8221; button_border_width__hover_enabled=&#8221;off&#8221; button_one_border_width__hover_enabled=&#8221;off&#8221; button_two_border_width__hover_enabled=&#8221;off&#8221; button_border_color__hover_enabled=&#8221;off&#8221; button_one_border_color__hover_enabled=&#8221;off&#8221; button_two_border_color__hover_enabled=&#8221;off&#8221; button_border_radius__hover_enabled=&#8221;off&#8221; button_one_border_radius__hover_enabled=&#8221;off&#8221; button_two_border_radius__hover_enabled=&#8221;off&#8221; button_letter_spacing__hover_enabled=&#8221;off&#8221; button_one_letter_spacing__hover_enabled=&#8221;off&#8221; button_two_letter_spacing__hover_enabled=&#8221;off&#8221; button_bg_color__hover_enabled=&#8221;off&#8221; button_one_bg_color__hover_enabled=&#8221;off&#8221; button_two_bg_color__hover_enabled=&#8221;off&#8221; sticky_transition=&#8221;on&#8221; sticky_enabled=&#8221;0&#8243;]<\/p>\n<h4><span style=\"font-family: Alata;font-weight: normal\">Disability Assessment For Dementia (DAD)<\/span><\/h4>\n<p>[\/et_pb_slide][\/et_pb_fullwidth_slider][\/et_pb_section][et_pb_section fb_built=&#8221;1&#8243; admin_label=&#8221;section&#8221; _builder_version=&#8221;4.16&#8243; global_colors_info=&#8221;{}&#8221;][et_pb_row admin_label=&#8221;row&#8221; _builder_version=&#8221;4.16&#8243; background_size=&#8221;initial&#8221; background_position=&#8221;top_left&#8221; background_repeat=&#8221;repeat&#8221; global_colors_info=&#8221;{}&#8221;][et_pb_column type=&#8221;4_4&#8243; _builder_version=&#8221;4.16&#8243; custom_padding=&#8221;|||&#8221; global_colors_info=&#8221;{}&#8221; custom_padding__hover=&#8221;|||&#8221;][et_pb_text _builder_version=&#8221;4.17.4&#8243; _module_preset=&#8221;default&#8221; text_font=&#8221;|300|||||||&#8221; custom_padding=&#8221;10px|30px|10px|30px|false|false&#8221; global_colors_info=&#8221;{}&#8221;]<\/p>\n<h2><span style=\"color: #333333\"><strong>DISABILITY ASSESSMENT FOR DEMENTIA <\/strong><em>(DAD)<\/em><\/span><\/h2>\n<p>[\/et_pb_text][et_pb_text admin_label=&#8221;Texto&#8221; _builder_version=&#8221;4.17.4&#8243; background_size=&#8221;initial&#8221; background_position=&#8221;top_left&#8221; background_repeat=&#8221;repeat&#8221; custom_padding=&#8221;|30px||30px|false|false&#8221; use_border_color=&#8221;off&#8221; border_color=&#8221;#ffffff&#8221; border_style=&#8221;solid&#8221; global_colors_info=&#8221;{}&#8221;]<\/p>\n<p style=\"text-align: left\"><strong>Disability Assessment For Dementia (DAD)<\/strong> is a test designed to evaluate the ability to carry out daily activities (AVD) in persons with cognitive disorders such as dementia. It is useful to define deficits in cognitive areas that could interfere in the execution of AVD.<\/p>\n<p style=\"text-align: left\">This scale offers the novelty of systematic evaluation for each area of AVD, independently of whether the subject has the capacity to carry it out or not, and even if the subject had it prior and is capable of planning and organization.<\/p>\n<p style=\"text-align: left\">It consists of 40 items that evaluate the functional capacity for the basic activities of daily life (AVDB), instrumental activities of daily life (AVDI) and leisure activities.<\/p>\n<p><strong>AUTHORSHIP:<\/strong><\/p>\n<p style=\"text-align: left\">This tool was adapted to Spanish and validated by Sanchez-Perez and colleagues.<\/p>\n<p>[\/et_pb_text][\/et_pb_column][\/et_pb_row][\/et_pb_section][et_pb_section fb_built=&#8221;1&#8243; _builder_version=&#8221;4.17.4&#8243; _module_preset=&#8221;default&#8221; background_color=&#8221;#f4f4f4&#8243; custom_padding=&#8221;||||false|false&#8221; global_colors_info=&#8221;{}&#8221;][et_pb_row _builder_version=&#8221;4.17.4&#8243; _module_preset=&#8221;default&#8221; custom_margin=&#8221;|auto||auto|false|false&#8221; global_colors_info=&#8221;{}&#8221;][et_pb_column type=&#8221;4_4&#8243; _builder_version=&#8221;4.17.4&#8243; _module_preset=&#8221;default&#8221; global_colors_info=&#8221;{}&#8221;][et_pb_text _builder_version=&#8221;4.17.4&#8243; _module_preset=&#8221;default&#8221; text_font=&#8221;|300|||||||&#8221; custom_padding=&#8221;10px|30px|10px|30px|false|false&#8221; global_colors_info=&#8221;{}&#8221;]<\/p>\n<h2><span style=\"color: #333333\"><strong>LINKS <\/strong><em>to the Tool&#8217;s publications<\/em><\/span><\/h2>\n<p>[\/et_pb_text][et_pb_blurb title=&#8221;Link to the validation&#8221; url=&#8221;https:\/\/www.ncbi.nlm.nih.gov\/pubmed\/26554794&#8243; url_new_window=&#8221;on&#8221; use_icon=&#8221;on&#8221; font_icon=&#8221;&#x5a;||divi||400&#8243; icon_color=&#8221;#2a7c0e&#8221; image_icon_width=&#8221;53px&#8221; icon_alignment=&#8221;left&#8221; content_max_width=&#8221;1100px&#8221; icon_placement_tablet=&#8221;&#8221; icon_placement_phone=&#8221;&#8221; icon_placement_last_edited=&#8221;on|desktop&#8221; image_icon_width_tablet=&#8221;53px&#8221; image_icon_width_phone=&#8221;53px&#8221; image_icon_width_last_edited=&#8221;on|desktop&#8221; icon_alignment_tablet=&#8221;left&#8221; icon_alignment_phone=&#8221;left&#8221; icon_alignment_last_edited=&#8221;on|desktop&#8221; _builder_version=&#8221;4.17.4&#8243; _module_preset=&#8221;default&#8221; header_font=&#8221;|600|||||||&#8221; header_font_size=&#8221;18px&#8221; body_font=&#8221;||||||||&#8221; image_icon_custom_padding=&#8221;||||false|false&#8221; custom_margin=&#8221;|30px||30px|false|false&#8221; custom_margin_tablet=&#8221;|30px||30px|false|false&#8221; custom_margin_phone=&#8221;|10px||10px|false|false&#8221; custom_margin_last_edited=&#8221;on|phone&#8221; custom_padding=&#8221;15px|15px|15px|15px|false|false&#8221; animation=&#8221;off&#8221; link_option_url=&#8221;https:\/\/www.ncbi.nlm.nih.gov\/pubmed\/26554794&#8243; link_option_url_new_window=&#8221;on&#8221; border_radii=&#8221;on|10px|10px|10px|10px&#8221; border_width_all=&#8221;1px&#8221; border_color_all=&#8221;#2d7c12&#8243; global_colors_info=&#8221;{}&#8221;]<\/p>\n<p>S\u00e1nchez-P\u00e9rez A, L\u00f3pez-Roig S, P\u00e9rez AP, G\u00f3mez PP, Pastor M\u00c1, Pomares MH. <a href=\"https:\/\/www.ncbi.nlm.nih.gov\/pubmed\/26554794\" target=\"_blank\" rel=\"noopener\">Validation Study of the Spanish Version of the Disability Assessment for Dementia Scale.<\/a> Medicine (Baltimore). 2015 Nov;94(44):e1925. <\/p>\n<p>[\/et_pb_blurb][et_pb_blurb title=&#8221;Link to the adaptation to the Spanish population&#8221; url=&#8221;https:\/\/www.ncbi.nlm.nih.gov\/pubmed\/28527600&#8243; url_new_window=&#8221;on&#8221; use_icon=&#8221;on&#8221; font_icon=&#8221;&#xf5c3;||fa||900&#8243; icon_color=&#8221;#2a7c0e&#8221; image_icon_width=&#8221;53px&#8221; icon_alignment=&#8221;left&#8221; content_max_width=&#8221;1100px&#8221; icon_placement_tablet=&#8221;&#8221; icon_placement_phone=&#8221;&#8221; icon_placement_last_edited=&#8221;on|desktop&#8221; image_icon_width_tablet=&#8221;53px&#8221; image_icon_width_phone=&#8221;53px&#8221; image_icon_width_last_edited=&#8221;on|desktop&#8221; icon_alignment_tablet=&#8221;left&#8221; icon_alignment_phone=&#8221;left&#8221; icon_alignment_last_edited=&#8221;on|desktop&#8221; _builder_version=&#8221;4.17.4&#8243; _module_preset=&#8221;default&#8221; header_font=&#8221;|600|||||||&#8221; header_font_size=&#8221;18px&#8221; body_font=&#8221;||||||||&#8221; image_icon_custom_padding=&#8221;||||false|false&#8221; custom_margin=&#8221;|30px||30px|false|false&#8221; custom_margin_tablet=&#8221;|30px||30px|false|false&#8221; custom_margin_phone=&#8221;|10px||10px|false|false&#8221; custom_margin_last_edited=&#8221;on|phone&#8221; custom_padding=&#8221;15px|15px|15px|15px|false|false&#8221; animation=&#8221;off&#8221; link_option_url=&#8221;https:\/\/www.ncbi.nlm.nih.gov\/pubmed\/28527600&#8243; link_option_url_new_window=&#8221;on&#8221; border_radii=&#8221;on|10px|10px|10px|10px&#8221; border_width_all=&#8221;1px&#8221; border_color_all=&#8221;#2d7c12&#8243; global_colors_info=&#8221;{}&#8221;]<\/p>\n<p>S\u00e1nchez-P\u00e9rez A, L\u00f3pez-Roig S, Pampliega P\u00e9rez A, Peral G\u00f3mez P, Pastor M\u00c1, Hurtado-Pomares M. <a href=\"https:\/\/www.ncbi.nlm.nih.gov\/pubmed\/28527600\" target=\"_blank\" rel=\"noopener\">Translation and adaptation of the Disability Assessment for Dementia scale in the Spanish population.<\/a> Med Clin (Barc).<br \/>2017;149(6):248-252.<\/p>\n<p>[\/et_pb_blurb][\/et_pb_column][\/et_pb_row][\/et_pb_section][et_pb_section fb_built=&#8221;1&#8243; _builder_version=&#8221;4.17.4&#8243; _module_preset=&#8221;default&#8221; background_color=&#8221;#FFFFFF&#8221; custom_padding=&#8221;||||false|false&#8221; global_colors_info=&#8221;{}&#8221;][et_pb_row _builder_version=&#8221;4.17.4&#8243; _module_preset=&#8221;default&#8221; custom_margin=&#8221;|auto||auto|false|false&#8221; global_colors_info=&#8221;{}&#8221;][et_pb_column type=&#8221;4_4&#8243; _builder_version=&#8221;4.17.4&#8243; _module_preset=&#8221;default&#8221; global_colors_info=&#8221;{}&#8221;][et_pb_text _builder_version=&#8221;4.17.4&#8243; _module_preset=&#8221;default&#8221; text_font=&#8221;|300|||||||&#8221; custom_padding=&#8221;10px|30px|10px|30px|false|false&#8221; global_colors_info=&#8221;{}&#8221;]<\/p>\n<h2><span style=\"color: #333333\"><strong>DOWNLOAD <\/strong><em>the Tool<\/em><\/span><\/h2>\n<p>[\/et_pb_text][et_pb_blurb title=&#8221;Request to download the DAD questionnaire&#8221; url=&#8221;https:\/\/docs.google.com\/forms\/d\/e\/1FAIpQLSeZ8QhsQQHN7fbeo44Wl4n-pCxHZTq6kVy8O59yx8KQILutlA\/viewform&#8221; url_new_window=&#8221;on&#8221; use_icon=&#8221;on&#8221; font_icon=&#8221;&#xf56d;||fa||900&#8243; icon_color=&#8221;#2a7c0e&#8221; image_icon_width=&#8221;53px&#8221; icon_alignment=&#8221;left&#8221; content_max_width=&#8221;1100px&#8221; icon_placement_tablet=&#8221;&#8221; icon_placement_phone=&#8221;&#8221; icon_placement_last_edited=&#8221;on|desktop&#8221; image_icon_width_tablet=&#8221;53px&#8221; image_icon_width_phone=&#8221;53px&#8221; image_icon_width_last_edited=&#8221;on|desktop&#8221; icon_alignment_tablet=&#8221;left&#8221; icon_alignment_phone=&#8221;left&#8221; icon_alignment_last_edited=&#8221;on|desktop&#8221; _builder_version=&#8221;4.17.4&#8243; _module_preset=&#8221;default&#8221; header_font=&#8221;|600|||||||&#8221; header_font_size=&#8221;18px&#8221; body_font=&#8221;||||||||&#8221; image_icon_custom_padding=&#8221;||||false|false&#8221; custom_margin=&#8221;|30px||30px|false|false&#8221; custom_margin_tablet=&#8221;|30px||30px|false|false&#8221; custom_margin_phone=&#8221;|10px||10px|false|false&#8221; custom_margin_last_edited=&#8221;on|phone&#8221; custom_padding=&#8221;15px|15px|15px|15px|false|false&#8221; animation=&#8221;off&#8221; link_option_url=&#8221;https:\/\/docs.google.com\/forms\/d\/e\/1FAIpQLSeZ8QhsQQHN7fbeo44Wl4n-pCxHZTq6kVy8O59yx8KQILutlA\/viewform&#8221; link_option_url_new_window=&#8221;on&#8221; border_radii=&#8221;on|10px|10px|10px|10px&#8221; border_width_all=&#8221;1px&#8221; border_color_all=&#8221;#2d7c12&#8243; global_colors_info=&#8221;{}&#8221;]<\/p>\n<p>To download the <strong>questionnaire in Spanish<\/strong>, you most complete this questionnaire.<\/p>\n<p>[\/et_pb_blurb][\/et_pb_column][\/et_pb_row][\/et_pb_section]<\/p>\n","protected":false},"excerpt":{"rendered":"<p>Disability Assessment For Dementia (DAD)DISABILITY ASSESSMENT FOR DEMENTIA (DAD)Disability Assessment For Dementia (DAD) is a test designed to evaluate the ability to carry out daily activities (AVD) in persons with cognitive disorders such as dementia. It is useful to define deficits in cognitive areas that could interfere in the execution of AVD. This scale offers [&hellip;]<\/p>\n","protected":false},"author":3804,"featured_media":0,"parent":0,"menu_order":0,"comment_status":"open","ping_status":"open","template":"","meta":{"_et_pb_use_builder":"on","_et_pb_old_content":"<p style=\"text-align: justify;\"><strong>Disability Assessment For Dementia (DAD)<\/strong>\u00a0es un test dise\u00f1ado para evaluar las habilidades en las actividades de la vida diaria (AVD) en personas con trastornos cognitivos tales como demencia y es \u00fatil para definir d\u00e9ficits en \u00e1reas cognitivas que puedan interferir en la ejecuci\u00f3n de las AVD. Esta escala ofrece como novedad la evaluaci\u00f3n sistem\u00e1tica en cada AVD, independientemente de que el sujeto tenga capacidad para ejecutarla o no, incluso si previamente tiene iniciativa y si es capaz de planificarla u organizarla. Consta de 40 \u00edtems que eval\u00faan la capacidad funcional en las actividades de la vida diaria b\u00e1sicas (AVDB), actividades de la vida diaria instrumentales (AVDI) y actividades de ocio. Esta herramienta fue adaptado al espa\u00f1ol y validada por S\u00e1nchez-P\u00e9rez y colegas.<\/p><p>Enlace a la adaptaci\u00f3n: S\u00e1nchez-P\u00e9rez A, L\u00f3pez-Roig S, Pampliega P\u00e9rez A, Peral G\u00f3mez P, Pastor M\u00c1,\u00a0Hurtado-Pomares M.\u00a0<a href=\"https:\/\/www.ncbi.nlm.nih.gov\/pubmed\/28527600\">Translation and adaptation of the Disability Assessment for\u00a0Dementia scale in the Spanish population.<\/a>\u00a0Med Clin (Barc).<br \/> 2017;149(6):248-252.<\/p><p style=\"text-align: justify;\">Enlace a la validaci\u00f3n: S\u00e1nchez-P\u00e9rez A, L\u00f3pez-Roig S, P\u00e9rez AP, G\u00f3mez PP, Pastor M\u00c1, Pomares MH.\u00a0<a href=\"https:\/\/www.ncbi.nlm.nih.gov\/pubmed\/26554794\">Validation Study of the Spanish Version of the Disability Assessment for Dementia\u00a0Scale.<\/a>\u00a0Medicine (Baltimore). 2015 Nov;94(44):e1925.<\/p><p style=\"text-align: justify;\"><img class=\"  wp-image-370 aligncenter\" src=\"http:\/\/inteo.edu.umh.es\/wp-content\/uploads\/sites\/1447\/2019\/11\/foto-del-cerebro.jpg\" alt=\"foto del cerebro\" width=\"81\" height=\"81\" \/><\/p>","_et_gb_content_width":"","_links_to":"","_links_to_target":""},"_links":{"self":[{"href":"https:\/\/inteo.umh.es\/en\/wp-json\/wp\/v2\/pages\/1538"}],"collection":[{"href":"https:\/\/inteo.umh.es\/en\/wp-json\/wp\/v2\/pages"}],"about":[{"href":"https:\/\/inteo.umh.es\/en\/wp-json\/wp\/v2\/types\/page"}],"author":[{"embeddable":true,"href":"https:\/\/inteo.umh.es\/en\/wp-json\/wp\/v2\/users\/3804"}],"replies":[{"embeddable":true,"href":"https:\/\/inteo.umh.es\/en\/wp-json\/wp\/v2\/comments?post=1538"}],"version-history":[{"count":0,"href":"https:\/\/inteo.umh.es\/en\/wp-json\/wp\/v2\/pages\/1538\/revisions"}],"wp:attachment":[{"href":"https:\/\/inteo.umh.es\/en\/wp-json\/wp\/v2\/media?parent=1538"}],"curies":[{"name":"wp","href":"https:\/\/api.w.org\/{rel}","templated":true}]}}